{"id":989969,"date":"2024-06-17T16:43:09","date_gmt":"2024-06-17T14:43:09","guid":{"rendered":"https:\/\/www.acesana.com\/around-the-world\/"},"modified":"2025-09-03T11:56:36","modified_gmt":"2025-09-03T09:56:36","slug":"our-network","status":"publish","type":"page","link":"https:\/\/www.acesana.com\/en\/our-network\/","title":{"rendered":"Our Network"},"content":{"rendered":"<div class=\"vgblk-rw-wrapper limit-wrapper\">\n\n\t\t\t\t\t\t\t<img loading=\"lazy\" decoding=\"async\" src=\"https:\/\/www.acesana.com\/wp-content\/uploads\/2024\/07\/mappa_ag.jpg\" alt=\"mappa_ag\" itemprop=\"image\" height=\"484\" width=\"945\" title=\"mappa_ag\" onerror=\"this.style.display='none'\"  sizes=\"auto, (max-width: 768px) 100vw, 100vw\" srcset=\"https:\/\/www.acesana.com\/wp-content\/uploads\/2024\/07\/mappa_ag.jpg 945w, https:\/\/www.acesana.com\/wp-content\/uploads\/2024\/07\/mappa_ag-300x154.jpg 300w, https:\/\/www.acesana.com\/wp-content\/uploads\/2024\/07\/mappa_ag-768x393.jpg 768w, https:\/\/www.acesana.com\/wp-content\/uploads\/2024\/07\/mappa_ag-630x323.jpg 630w, https:\/\/www.acesana.com\/wp-content\/uploads\/2024\/07\/mappa_ag-420x215.jpg 420w, https:\/\/www.acesana.com\/wp-content\/uploads\/2024\/07\/mappa_ag-840x430.jpg 840w, https:\/\/www.acesana.com\/wp-content\/uploads\/2024\/07\/mappa_ag-315x161.jpg 315w\" \/>\t\t\t\t\t\t\t\n\t<p>Welcome to the &#8216;A.Cesana Network&#8217; page.<\/p>\n<p>Here you can get in touch with our technicians and sales agents who operate in many geographical areas, as shown below.<\/p>\n\t\t\t\t\t\t\t<img loading=\"lazy\" decoding=\"async\" src=\"https:\/\/www.acesana.com\/wp-content\/uploads\/2024\/07\/Flag_of_Albania.jpg\" alt=\"Flag_of_Albania\" itemprop=\"image\" height=\"30\" width=\"60\" data-link-type=\"url\" title=\"Flag_of_Albania\" onerror=\"this.style.display='none'\" \/>\t\t\t\t\t\t\t\n<h3>ALBANIA<\/h3><p>Tirana<\/p>\n\t\t\t\t\t\t\t<img loading=\"lazy\" decoding=\"async\" src=\"https:\/\/www.acesana.com\/wp-content\/uploads\/2024\/07\/Flag_of_Australia_acesana_network.png\" alt=\"\" itemprop=\"image\" height=\"30\" width=\"60\" data-link-type=\"url\" onerror=\"this.style.display='none'\" \/>\t\t\t\t\t\t\t\n<h3>AUSTRALIA<\/h3><p>Adelaide<\/p>\n\t\t\t\t\t\t\t<img loading=\"lazy\" decoding=\"async\" src=\"https:\/\/www.acesana.com\/wp-content\/uploads\/2024\/07\/Flag_of_Bulgaria_acesana_network.png\" alt=\"\" itemprop=\"image\" height=\"30\" width=\"60\" data-link-type=\"url\" onerror=\"this.style.display='none'\" \/>\t\t\t\t\t\t\t\n<h3>BULGARIA<\/h3><p>Kostinbrod<\/p>\n\t\t\t\t\t\t\t<img loading=\"lazy\" decoding=\"async\" src=\"https:\/\/www.acesana.com\/wp-content\/uploads\/2024\/07\/Flag_of_China_acesana_network.png\" alt=\"\" itemprop=\"image\" height=\"30\" width=\"60\" data-link-type=\"url\" onerror=\"this.style.display='none'\" \/>\t\t\t\t\t\t\t\n<h3>CHINA<\/h3><p>Tsuen Wan<\/p>\n\t\t\t\t\t\t\t<img loading=\"lazy\" decoding=\"async\" src=\"https:\/\/www.acesana.com\/wp-content\/uploads\/2024\/07\/Flag_of_Colombia_acesana_network.png\" alt=\"\" itemprop=\"image\" height=\"30\" width=\"60\" data-link-type=\"url\" onerror=\"this.style.display='none'\" \/>\t\t\t\t\t\t\t\n<h3>COLOMBIA<\/h3><p>Bogot\u00e0<\/p>\n\t\t\t\t\t\t\t<img loading=\"lazy\" decoding=\"async\" src=\"https:\/\/www.acesana.com\/wp-content\/uploads\/2024\/07\/Flag_of_Denmark_acesana_network.png\" alt=\"\" itemprop=\"image\" height=\"30\" width=\"60\" data-link-type=\"url\" onerror=\"this.style.display='none'\" \/>\t\t\t\t\t\t\t\n<h3>DENMARK<\/h3><p>Sk\u00e6vinge<\/p>\n\t\t\t\t\t\t\t<img loading=\"lazy\" decoding=\"async\" src=\"https:\/\/www.acesana.com\/wp-content\/uploads\/2024\/07\/Flag_of_Egypt_acesana_network.png\" alt=\"\" itemprop=\"image\" height=\"30\" width=\"60\" data-link-type=\"url\" onerror=\"this.style.display='none'\" \/>\t\t\t\t\t\t\t\n<h3>EGYPT<\/h3><p>Cairo<\/p>\n\t\t\t\t\t\t\t<img loading=\"lazy\" decoding=\"async\" src=\"https:\/\/www.acesana.com\/wp-content\/uploads\/2024\/07\/Flag_of_France_acesana_network.png\" alt=\"\" itemprop=\"image\" height=\"30\" width=\"60\" data-link-type=\"url\" onerror=\"this.style.display='none'\" \/>\t\t\t\t\t\t\t\n<h3>FRANCE<\/h3><p>Clichy Sous Boid<\/p>\n\t\t\t\t\t\t\t<img loading=\"lazy\" decoding=\"async\" src=\"https:\/\/www.acesana.com\/wp-content\/uploads\/2024\/07\/Flag_of_Germany_acesana_network.png\" alt=\"\" itemprop=\"image\" height=\"30\" width=\"60\" data-link-type=\"url\" onerror=\"this.style.display='none'\" \/>\t\t\t\t\t\t\t\n<h3>GERMANY<\/h3>Eys\u00f6lden &#8211; Rheinfelden<br \/>\nAachen &#8211; Halberstadt\n\t\t\t\t\t\t\t<img loading=\"lazy\" decoding=\"async\" src=\"https:\/\/www.acesana.com\/wp-content\/uploads\/2024\/07\/Flag_of_Great_Britain_acesana_network.png\" alt=\"\" itemprop=\"image\" height=\"30\" width=\"60\" data-link-type=\"url\" onerror=\"this.style.display='none'\" \/>\t\t\t\t\t\t\t\n<h3>GREAT BRITAIN<\/h3><p>Yorkshire<\/p>\n\t\t\t\t\t\t\t<img loading=\"lazy\" decoding=\"async\" src=\"https:\/\/www.acesana.com\/wp-content\/uploads\/2024\/07\/Flag_of_Greece_acesana_network.png\" alt=\"\" itemprop=\"image\" height=\"30\" width=\"60\" data-link-type=\"url\" onerror=\"this.style.display='none'\" \/>\t\t\t\t\t\t\t\n<h3>GREECE<\/h3><p>Tavros<\/p>\n\t\t\t\t\t\t\t<img loading=\"lazy\" decoding=\"async\" src=\"https:\/\/www.acesana.com\/wp-content\/uploads\/2024\/07\/Flag_of_Indonesia_acesana_network.png\" alt=\"\" itemprop=\"image\" height=\"30\" width=\"60\" data-link-type=\"url\" onerror=\"this.style.display='none'\" \/>\t\t\t\t\t\t\t\n<h3>INDONESIA<\/h3><p>Tangerang Selatan Banten<\/p>\n\t\t\t\t\t\t\t<img loading=\"lazy\" decoding=\"async\" src=\"https:\/\/www.acesana.com\/wp-content\/uploads\/2024\/07\/Flag_of_Malaysia_acesana_network.png\" alt=\"\" itemprop=\"image\" height=\"30\" width=\"60\" data-link-type=\"url\" onerror=\"this.style.display='none'\" \/>\t\t\t\t\t\t\t\n<h3>MALAYSIA<\/h3><p>Kuala Lumpur<\/p>\n\t\t\t\t\t\t\t<img loading=\"lazy\" decoding=\"async\" src=\"https:\/\/www.acesana.com\/wp-content\/uploads\/2024\/07\/Flag_of_Mexico_acesana_network.png\" alt=\"\" itemprop=\"image\" height=\"30\" width=\"60\" data-link-type=\"url\" onerror=\"this.style.display='none'\" \/>\t\t\t\t\t\t\t\n<h3>MEXICO<\/h3><p>Queretaro<\/p>\n\t\t\t\t\t\t\t<img loading=\"lazy\" decoding=\"async\" src=\"https:\/\/www.acesana.com\/wp-content\/uploads\/2024\/07\/Flag_of_Morocco_acesana_network.png\" alt=\"\" itemprop=\"image\" height=\"30\" width=\"60\" data-link-type=\"url\" onerror=\"this.style.display='none'\" \/>\t\t\t\t\t\t\t\n<h3>MOROCCO<\/h3><p>Casablanca<\/p>\n\t\t\t\t\t\t\t<img loading=\"lazy\" decoding=\"async\" src=\"https:\/\/www.acesana.com\/wp-content\/uploads\/2024\/07\/Flag_of_Norway_acesana_network.png\" alt=\"\" itemprop=\"image\" height=\"30\" width=\"60\" data-link-type=\"url\" onerror=\"this.style.display='none'\" \/>\t\t\t\t\t\t\t\n<h3>NORWAY<\/h3><p>Drammen<\/p>\n\t\t\t\t\t\t\t<img loading=\"lazy\" decoding=\"async\" src=\"https:\/\/www.acesana.com\/wp-content\/uploads\/2024\/07\/Flag_of_Pakistan_acesana_network.png\" alt=\"\" itemprop=\"image\" height=\"30\" width=\"60\" data-link-type=\"url\" onerror=\"this.style.display='none'\" \/>\t\t\t\t\t\t\t\n<h3>PAKISTAN<\/h3><p>Lahore<\/p>\n\t\t\t\t\t\t\t<img loading=\"lazy\" decoding=\"async\" src=\"https:\/\/www.acesana.com\/wp-content\/uploads\/2024\/07\/Flag_of_Peru_acesana_network.png\" alt=\"\" itemprop=\"image\" height=\"30\" width=\"60\" data-link-type=\"url\" onerror=\"this.style.display='none'\" \/>\t\t\t\t\t\t\t\n<h3>PERU<\/h3><p>Lima<\/p>\n\t\t\t\t\t\t\t<img loading=\"lazy\" decoding=\"async\" src=\"https:\/\/www.acesana.com\/wp-content\/uploads\/2024\/07\/Flag_of_Poland_acesana_network.png\" alt=\"\" itemprop=\"image\" height=\"30\" width=\"60\" data-link-type=\"url\" onerror=\"this.style.display='none'\" \/>\t\t\t\t\t\t\t\n<h3>POLAND<\/h3><p>Skawina &#8211; Tomaszowice<\/p>\n\t\t\t\t\t\t\t<img loading=\"lazy\" decoding=\"async\" src=\"https:\/\/www.acesana.com\/wp-content\/uploads\/2024\/07\/Flag_of_Portugal_acesana_network.png\" alt=\"\" itemprop=\"image\" height=\"30\" width=\"60\" data-link-type=\"url\" onerror=\"this.style.display='none'\" \/>\t\t\t\t\t\t\t\n<h3>PORTUGAL<\/h3><p>Maia<\/p>\n\t\t\t\t\t\t\t<img loading=\"lazy\" decoding=\"async\" src=\"https:\/\/www.acesana.com\/wp-content\/uploads\/2024\/07\/Flag_of_Serbia_acesana_network.png\" alt=\"\" itemprop=\"image\" height=\"30\" width=\"60\" data-link-type=\"url\" onerror=\"this.style.display='none'\" \/>\t\t\t\t\t\t\t\n<h3>SERBIA<\/h3><p>Mladenovac<\/p>\n\t\t\t\t\t\t\t<img loading=\"lazy\" decoding=\"async\" src=\"https:\/\/www.acesana.com\/wp-content\/uploads\/2024\/07\/Flag_of_Slovenia_acesana_network.png\" alt=\"\" itemprop=\"image\" height=\"30\" width=\"60\" data-link-type=\"url\" onerror=\"this.style.display='none'\" \/>\t\t\t\t\t\t\t\n<h3>SLOVENIA<\/h3><p>Petrov\u010ce<\/p>\n\t\t\t\t\t\t\t<img loading=\"lazy\" decoding=\"async\" src=\"https:\/\/www.acesana.com\/wp-content\/uploads\/2024\/07\/Flag_of_South_Korea_acesana_network.png\" alt=\"\" itemprop=\"image\" height=\"30\" width=\"60\" data-link-type=\"url\" onerror=\"this.style.display='none'\" \/>\t\t\t\t\t\t\t\n<h3>SOUTH KOREA<\/h3>\t\n\t\t\t\t\t\t\t<img loading=\"lazy\" decoding=\"async\" src=\"https:\/\/www.acesana.com\/wp-content\/uploads\/2024\/07\/Flag_of_Spain_acesana_network.png\" alt=\"\" itemprop=\"image\" height=\"30\" width=\"60\" data-link-type=\"url\" onerror=\"this.style.display='none'\" \/>\t\t\t\t\t\t\t\n<h3>SPAIN<\/h3><p>Madrid<\/p>\n\t\t\t\t\t\t\t<img loading=\"lazy\" decoding=\"async\" src=\"https:\/\/www.acesana.com\/wp-content\/uploads\/2024\/07\/Flag_of_Sweden_acesana_network.png\" alt=\"\" itemprop=\"image\" height=\"30\" width=\"60\" data-link-type=\"url\" onerror=\"this.style.display='none'\" \/>\t\t\t\t\t\t\t\n<h3>SWEDEN<\/h3><p>Varnamo &#8211; Laholm<\/p>\n\t\t\t\t\t\t\t<img loading=\"lazy\" decoding=\"async\" src=\"https:\/\/www.acesana.com\/wp-content\/uploads\/2024\/07\/Flag_of_Taiwan_acesana_network.png\" alt=\"\" itemprop=\"image\" height=\"30\" width=\"60\" data-link-type=\"url\" onerror=\"this.style.display='none'\" \/>\t\t\t\t\t\t\t\n<h3>TAIWAN<\/h3><p>Taoyuan City<\/p>\n\t\t\t\t\t\t\t<img loading=\"lazy\" decoding=\"async\" src=\"https:\/\/www.acesana.com\/wp-content\/uploads\/2024\/07\/Flag_of_Thailand_acesana_network.png\" alt=\"\" itemprop=\"image\" height=\"30\" width=\"60\" data-link-type=\"url\" onerror=\"this.style.display='none'\" \/>\t\t\t\t\t\t\t\n<h3>THAILAND<\/h3><p>Bangkok<\/p>\n\t\t\t\t\t\t\t<img loading=\"lazy\" decoding=\"async\" src=\"https:\/\/www.acesana.com\/wp-content\/uploads\/2024\/07\/Flag_of_Turkey_acesana_network.png\" alt=\"\" itemprop=\"image\" height=\"30\" width=\"60\" data-link-type=\"url\" onerror=\"this.style.display='none'\" \/>\t\t\t\t\t\t\t\n<h3>TURKEY<\/h3><p>Istanbul<\/p>\n\t\t\t\t\t\t\t<img loading=\"lazy\" decoding=\"async\" src=\"https:\/\/www.acesana.com\/wp-content\/uploads\/2024\/07\/Flag_of_Vietnam_acesana_network.png\" alt=\"\" itemprop=\"image\" height=\"30\" width=\"60\" data-link-type=\"url\" onerror=\"this.style.display='none'\" \/>\t\t\t\t\t\t\t\n<h3>VIETNAM<\/h3><p>Hanoi<\/p>\n\t<h2>Make your request<br \/>\n<strong>Fill out the form<\/strong><\/h2>\n\t<p>Fill out the form, select the area of \u200b\u200binterest and send your request. You&#8217;ll be contacted asap.<\/p>\n\t\n<div class=\"wpcf7 no-js\" id=\"wpcf7-f989971-o1\" lang=\"en-US\" dir=\"ltr\" data-wpcf7-id=\"989971\">\n<div class=\"screen-reader-response\"><p role=\"status\" aria-live=\"polite\" aria-atomic=\"true\"><\/p> <ul><\/ul><\/div>\n<form action=\"\/en\/wp-json\/wp\/v2\/pages\/989969#wpcf7-f989971-o1\" method=\"post\" class=\"wpcf7-form init wpcf7-acceptance-as-validation\" aria-label=\"Contact form\" novalidate=\"novalidate\" data-status=\"init\">\n<fieldset class=\"hidden-fields-container\"><input type=\"hidden\" name=\"_wpcf7\" value=\"989971\" \/><input type=\"hidden\" name=\"_wpcf7_version\" value=\"6.1.5\" \/><input type=\"hidden\" name=\"_wpcf7_locale\" value=\"en_US\" \/><input type=\"hidden\" name=\"_wpcf7_unit_tag\" value=\"wpcf7-f989971-o1\" \/><input type=\"hidden\" name=\"_wpcf7_container_post\" value=\"0\" \/><input type=\"hidden\" name=\"_wpcf7_posted_data_hash\" value=\"\" \/><input type=\"hidden\" name=\"_wpcf7_recaptcha_response\" value=\"\" \/>\n<\/fieldset>\n<p>*All fields are required\n<\/p>\n<div class=\"form_1_2\">\n\t<p><span class=\"wpcf7-form-control-wrap\" data-name=\"full-name\"><input size=\"40\" maxlength=\"400\" class=\"wpcf7-form-control wpcf7-text wpcf7-validates-as-required\" aria-required=\"true\" aria-invalid=\"false\" placeholder=\"Full Name*\" value=\"\" type=\"text\" name=\"full-name\" \/><\/span>\n\t<\/p>\n<\/div>\n<div class=\"form_1_2 last\">\n\t<p><span class=\"wpcf7-form-control-wrap\" data-name=\"company-name\"><input size=\"40\" maxlength=\"400\" class=\"wpcf7-form-control wpcf7-text wpcf7-validates-as-required\" aria-required=\"true\" aria-invalid=\"false\" placeholder=\"Company Name*\" value=\"\" type=\"text\" name=\"company-name\" \/><\/span>\n\t<\/p>\n<\/div>\n<div class=\"clear\">\n<\/div>\n<div class=\"form_1_2\">\n\t<p><span class=\"wpcf7-form-control-wrap\" data-name=\"your-email\"><input size=\"40\" maxlength=\"400\" class=\"wpcf7-form-control wpcf7-email wpcf7-validates-as-required wpcf7-text wpcf7-validates-as-email\" aria-required=\"true\" aria-invalid=\"false\" placeholder=\"Email*\" value=\"\" type=\"email\" name=\"your-email\" \/><\/span>\n\t<\/p>\n<\/div>\n<div class=\"form_1_2 last\">\n\t<p><span class=\"wpcf7-form-control-wrap\" data-name=\"tel-879\"><input size=\"40\" maxlength=\"400\" class=\"wpcf7-form-control wpcf7-tel wpcf7-validates-as-required wpcf7-text wpcf7-validates-as-tel\" aria-required=\"true\" aria-invalid=\"false\" placeholder=\"Phone*\" value=\"\" type=\"tel\" name=\"tel-879\" \/><\/span>\n\t<\/p>\n<\/div>\n<div class=\"clear\">\n<\/div>\n<p><span class=\"wpcf7-form-control-wrap\" data-name=\"your-subject\"><input size=\"40\" maxlength=\"400\" class=\"wpcf7-form-control wpcf7-text wpcf7-validates-as-required\" aria-required=\"true\" aria-invalid=\"false\" placeholder=\"Subject*\" value=\"\" type=\"text\" name=\"your-subject\" \/><\/span>\n<\/p>\n<p>Please select your geographical area*<br \/>\n<span class=\"wpcf7-form-control-wrap\" data-name=\"your-recipient\"><select class=\"wpcf7-form-control wpcf7-select wpcf7-validates-as-required\" aria-required=\"true\" aria-invalid=\"false\" name=\"your-recipient\"><option value=\"...\">...<\/option><option value=\"Europe\">Europe<\/option><option value=\"Asia\">Asia<\/option><option value=\"Central America\">Central America<\/option><option value=\"South America\">South America<\/option><option value=\"Northern Africa\">Northern Africa<\/option><option value=\"Australia\">Australia<\/option><\/select><\/span>\n<\/p>\n<p><span class=\"wpcf7-form-control-wrap\" data-name=\"your-message\"><textarea cols=\"40\" rows=\"10\" maxlength=\"2000\" class=\"wpcf7-form-control wpcf7-textarea wpcf7-validates-as-required\" aria-required=\"true\" aria-invalid=\"false\" placeholder=\"Message*\" name=\"your-message\"><\/textarea><\/span>\n<\/p>\n<p><span class=\"wpcf7-form-control-wrap\" data-name=\"your-consent\"><span class=\"wpcf7-form-control wpcf7-acceptance\"><span class=\"wpcf7-list-item\"><label><input type=\"checkbox\" name=\"your-consent\" value=\"1\" aria-invalid=\"false\" \/><span class=\"wpcf7-list-item-label\"><a href=\"\/en\/privacy-policy\/\" target=\"_blank\"><u>I have read and understood the privacy policy and I hereby authorize the use of my personal data<\/u><\/a><\/span><\/label><\/span><\/span><\/span>\n<\/p>\n<p><input class=\"wpcf7-form-control wpcf7-submit has-spinner btn btn-large btn-secondary\" type=\"submit\" value=\"Send\" \/>\n<\/p><div class=\"wpcf7-response-output\" aria-hidden=\"true\"><\/div>\n<\/form>\n<\/div>\n\n\n<\/div><!-- .vgblk-rw-wrapper -->","protected":false},"excerpt":{"rendered":"<p>Welcome to the &#8216;A.Cesana Network&#8217; page. Here you can get in touch with our technicians and sales agents who operate in many geographical areas, as shown below. ALBANIA Tirana AUSTRALIA Adelaide BULGARIA Kostinbrod CHINA Tsuen Wan COLOMBIA Bogot\u00e0 DENMARK Sk\u00e6vinge EGYPT Cairo FRANCE Clichy Sous Boid GERMANY Eys\u00f6lden &#8211; Rheinfelden Aachen &#8211; Halberstadt GREAT BRITAIN&#8230;<\/p>\n","protected":false},"author":3,"featured_media":0,"parent":0,"menu_order":0,"comment_status":"closed","ping_status":"closed","template":"","meta":{"inline_featured_image":false,"footnotes":""},"class_list":["post-989969","page","type-page","status-publish","hentry"],"yoast_head":"<!-- This site is optimized with the Yoast SEO plugin v27.5 - https:\/\/yoast.com\/product\/yoast-seo-wordpress\/ -->\n<title>Our Network - A.Cesana S.r.l. - Prodotti per Fonderie<\/title>\n<meta name=\"description\" content=\"We have a very international presence, visit our network to find out where we operate and if you can get in touch one of our local agents\" \/>\n<meta name=\"robots\" content=\"index, follow, max-snippet:-1, max-image-preview:large, max-video-preview:-1\" \/>\n<link rel=\"canonical\" href=\"https:\/\/www.acesana.com\/en\/our-network\/\" \/>\n<meta property=\"og:locale\" content=\"en_US\" \/>\n<meta property=\"og:type\" content=\"article\" \/>\n<meta property=\"og:title\" content=\"Our Network - A.Cesana S.r.l. - Prodotti per Fonderie\" \/>\n<meta property=\"og:description\" content=\"We have a very international presence, visit our network to find out where we operate and if you can get in touch one of our local agents\" \/>\n<meta property=\"og:url\" content=\"https:\/\/www.acesana.com\/en\/our-network\/\" \/>\n<meta property=\"og:site_name\" content=\"A.Cesana S.r.l. - Prodotti per Fonderie\" \/>\n<meta property=\"article:modified_time\" content=\"2025-09-03T09:56:36+00:00\" \/>\n<meta property=\"og:image\" content=\"https:\/\/www.acesana.com\/wp-content\/uploads\/2024\/07\/mappa_ag.jpg\" \/>\n<meta name=\"twitter:card\" content=\"summary_large_image\" \/>\n<meta name=\"twitter:label1\" content=\"Est. reading time\" \/>\n\t<meta name=\"twitter:data1\" content=\"7 minutes\" \/>\n<script type=\"application\/ld+json\" class=\"yoast-schema-graph\">{\"@context\":\"https:\\\/\\\/schema.org\",\"@graph\":[{\"@type\":\"WebPage\",\"@id\":\"https:\\\/\\\/www.acesana.com\\\/en\\\/our-network\\\/\",\"url\":\"https:\\\/\\\/www.acesana.com\\\/en\\\/our-network\\\/\",\"name\":\"Our Network - A.Cesana S.r.l. - Prodotti per Fonderie\",\"isPartOf\":{\"@id\":\"https:\\\/\\\/www.acesana.com\\\/en\\\/#website\"},\"primaryImageOfPage\":{\"@id\":\"https:\\\/\\\/www.acesana.com\\\/en\\\/our-network\\\/#primaryimage\"},\"image\":{\"@id\":\"https:\\\/\\\/www.acesana.com\\\/en\\\/our-network\\\/#primaryimage\"},\"thumbnailUrl\":\"https:\\\/\\\/www.acesana.com\\\/wp-content\\\/uploads\\\/2024\\\/07\\\/mappa_ag.jpg\",\"datePublished\":\"2024-06-17T14:43:09+00:00\",\"dateModified\":\"2025-09-03T09:56:36+00:00\",\"description\":\"We have a very international presence, visit our network to find out where we operate and if you can get in touch one of our local agents\",\"breadcrumb\":{\"@id\":\"https:\\\/\\\/www.acesana.com\\\/en\\\/our-network\\\/#breadcrumb\"},\"inLanguage\":\"en-US\",\"potentialAction\":[{\"@type\":\"ReadAction\",\"target\":[\"https:\\\/\\\/www.acesana.com\\\/en\\\/our-network\\\/\"]}]},{\"@type\":\"ImageObject\",\"inLanguage\":\"en-US\",\"@id\":\"https:\\\/\\\/www.acesana.com\\\/en\\\/our-network\\\/#primaryimage\",\"url\":\"https:\\\/\\\/www.acesana.com\\\/wp-content\\\/uploads\\\/2024\\\/07\\\/mappa_ag.jpg\",\"contentUrl\":\"https:\\\/\\\/www.acesana.com\\\/wp-content\\\/uploads\\\/2024\\\/07\\\/mappa_ag.jpg\"},{\"@type\":\"BreadcrumbList\",\"@id\":\"https:\\\/\\\/www.acesana.com\\\/en\\\/our-network\\\/#breadcrumb\",\"itemListElement\":[{\"@type\":\"ListItem\",\"position\":1,\"name\":\"Home\",\"item\":\"https:\\\/\\\/www.acesana.com\\\/en\\\/\"},{\"@type\":\"ListItem\",\"position\":2,\"name\":\"Our Network\"}]},{\"@type\":\"WebSite\",\"@id\":\"https:\\\/\\\/www.acesana.com\\\/en\\\/#website\",\"url\":\"https:\\\/\\\/www.acesana.com\\\/en\\\/\",\"name\":\"A.Cesana S.r.l. - Prodotti per Fonderie\",\"description\":\"\",\"publisher\":{\"@id\":\"https:\\\/\\\/www.acesana.com\\\/en\\\/#organization\"},\"alternateName\":\"A.Cesana\",\"potentialAction\":[{\"@type\":\"SearchAction\",\"target\":{\"@type\":\"EntryPoint\",\"urlTemplate\":\"https:\\\/\\\/www.acesana.com\\\/en\\\/?s={search_term_string}\"},\"query-input\":{\"@type\":\"PropertyValueSpecification\",\"valueRequired\":true,\"valueName\":\"search_term_string\"}}],\"inLanguage\":\"en-US\"},{\"@type\":\"Organization\",\"@id\":\"https:\\\/\\\/www.acesana.com\\\/en\\\/#organization\",\"name\":\"A. Cesana S.r.l.\",\"alternateName\":\"A.Cesana\",\"url\":\"https:\\\/\\\/www.acesana.com\\\/en\\\/\",\"logo\":{\"@type\":\"ImageObject\",\"inLanguage\":\"en-US\",\"@id\":\"https:\\\/\\\/www.acesana.com\\\/en\\\/#\\\/schema\\\/logo\\\/image\\\/\",\"url\":\"https:\\\/\\\/www.acesana.com\\\/wp-content\\\/uploads\\\/2023\\\/04\\\/favicon.png\",\"contentUrl\":\"https:\\\/\\\/www.acesana.com\\\/wp-content\\\/uploads\\\/2023\\\/04\\\/favicon.png\",\"width\":512,\"height\":512,\"caption\":\"A. Cesana S.r.l.\"},\"image\":{\"@id\":\"https:\\\/\\\/www.acesana.com\\\/en\\\/#\\\/schema\\\/logo\\\/image\\\/\"},\"sameAs\":[\"https:\\\/\\\/www.youtube.com\\\/channel\\\/UChM9E41ZIB6Vk8mI_Fe2XCA\"]}]}<\/script>\n<!-- \/ Yoast SEO plugin. -->","yoast_head_json":{"title":"Our Network - A.Cesana S.r.l. - Prodotti per Fonderie","description":"We have a very international presence, visit our network to find out where we operate and if you can get in touch one of our local agents","robots":{"index":"index","follow":"follow","max-snippet":"max-snippet:-1","max-image-preview":"max-image-preview:large","max-video-preview":"max-video-preview:-1"},"canonical":"https:\/\/www.acesana.com\/en\/our-network\/","og_locale":"en_US","og_type":"article","og_title":"Our Network - A.Cesana S.r.l. - Prodotti per Fonderie","og_description":"We have a very international presence, visit our network to find out where we operate and if you can get in touch one of our local agents","og_url":"https:\/\/www.acesana.com\/en\/our-network\/","og_site_name":"A.Cesana S.r.l. - Prodotti per Fonderie","article_modified_time":"2025-09-03T09:56:36+00:00","og_image":[{"url":"https:\/\/www.acesana.com\/wp-content\/uploads\/2024\/07\/mappa_ag.jpg","type":"","width":"","height":""}],"twitter_card":"summary_large_image","twitter_misc":{"Est. reading time":"7 minutes"},"schema":{"@context":"https:\/\/schema.org","@graph":[{"@type":"WebPage","@id":"https:\/\/www.acesana.com\/en\/our-network\/","url":"https:\/\/www.acesana.com\/en\/our-network\/","name":"Our Network - A.Cesana S.r.l. - Prodotti per Fonderie","isPartOf":{"@id":"https:\/\/www.acesana.com\/en\/#website"},"primaryImageOfPage":{"@id":"https:\/\/www.acesana.com\/en\/our-network\/#primaryimage"},"image":{"@id":"https:\/\/www.acesana.com\/en\/our-network\/#primaryimage"},"thumbnailUrl":"https:\/\/www.acesana.com\/wp-content\/uploads\/2024\/07\/mappa_ag.jpg","datePublished":"2024-06-17T14:43:09+00:00","dateModified":"2025-09-03T09:56:36+00:00","description":"We have a very international presence, visit our network to find out where we operate and if you can get in touch one of our local agents","breadcrumb":{"@id":"https:\/\/www.acesana.com\/en\/our-network\/#breadcrumb"},"inLanguage":"en-US","potentialAction":[{"@type":"ReadAction","target":["https:\/\/www.acesana.com\/en\/our-network\/"]}]},{"@type":"ImageObject","inLanguage":"en-US","@id":"https:\/\/www.acesana.com\/en\/our-network\/#primaryimage","url":"https:\/\/www.acesana.com\/wp-content\/uploads\/2024\/07\/mappa_ag.jpg","contentUrl":"https:\/\/www.acesana.com\/wp-content\/uploads\/2024\/07\/mappa_ag.jpg"},{"@type":"BreadcrumbList","@id":"https:\/\/www.acesana.com\/en\/our-network\/#breadcrumb","itemListElement":[{"@type":"ListItem","position":1,"name":"Home","item":"https:\/\/www.acesana.com\/en\/"},{"@type":"ListItem","position":2,"name":"Our Network"}]},{"@type":"WebSite","@id":"https:\/\/www.acesana.com\/en\/#website","url":"https:\/\/www.acesana.com\/en\/","name":"A.Cesana S.r.l. - Prodotti per Fonderie","description":"","publisher":{"@id":"https:\/\/www.acesana.com\/en\/#organization"},"alternateName":"A.Cesana","potentialAction":[{"@type":"SearchAction","target":{"@type":"EntryPoint","urlTemplate":"https:\/\/www.acesana.com\/en\/?s={search_term_string}"},"query-input":{"@type":"PropertyValueSpecification","valueRequired":true,"valueName":"search_term_string"}}],"inLanguage":"en-US"},{"@type":"Organization","@id":"https:\/\/www.acesana.com\/en\/#organization","name":"A. Cesana S.r.l.","alternateName":"A.Cesana","url":"https:\/\/www.acesana.com\/en\/","logo":{"@type":"ImageObject","inLanguage":"en-US","@id":"https:\/\/www.acesana.com\/en\/#\/schema\/logo\/image\/","url":"https:\/\/www.acesana.com\/wp-content\/uploads\/2023\/04\/favicon.png","contentUrl":"https:\/\/www.acesana.com\/wp-content\/uploads\/2023\/04\/favicon.png","width":512,"height":512,"caption":"A. Cesana S.r.l."},"image":{"@id":"https:\/\/www.acesana.com\/en\/#\/schema\/logo\/image\/"},"sameAs":["https:\/\/www.youtube.com\/channel\/UChM9E41ZIB6Vk8mI_Fe2XCA"]}]}},"jetpack_sharing_enabled":true,"_links":{"self":[{"href":"https:\/\/www.acesana.com\/en\/wp-json\/wp\/v2\/pages\/989969","targetHints":{"allow":["GET"]}}],"collection":[{"href":"https:\/\/www.acesana.com\/en\/wp-json\/wp\/v2\/pages"}],"about":[{"href":"https:\/\/www.acesana.com\/en\/wp-json\/wp\/v2\/types\/page"}],"author":[{"embeddable":true,"href":"https:\/\/www.acesana.com\/en\/wp-json\/wp\/v2\/users\/3"}],"replies":[{"embeddable":true,"href":"https:\/\/www.acesana.com\/en\/wp-json\/wp\/v2\/comments?post=989969"}],"version-history":[{"count":11,"href":"https:\/\/www.acesana.com\/en\/wp-json\/wp\/v2\/pages\/989969\/revisions"}],"predecessor-version":[{"id":990970,"href":"https:\/\/www.acesana.com\/en\/wp-json\/wp\/v2\/pages\/989969\/revisions\/990970"}],"wp:attachment":[{"href":"https:\/\/www.acesana.com\/en\/wp-json\/wp\/v2\/media?parent=989969"}],"curies":[{"name":"wp","href":"https:\/\/api.w.org\/{rel}","templated":true}]}}